{"id":25952,"date":"2024-01-30T12:29:12","date_gmt":"2024-01-30T11:29:12","guid":{"rendered":"https:\/\/test.abinfor.com\/?page_id=25952"},"modified":"2024-01-30T12:33:00","modified_gmt":"2024-01-30T11:33:00","slug":"politica-de-cookies","status":"publish","type":"page","link":"https:\/\/abinfor.com\/en\/politica-de-cookies\/","title":{"rendered":"Politica de cookies"},"content":{"rendered":"<div data-elementor-type=\"wp-page\" data-elementor-id=\"25952\" class=\"elementor elementor-25952\">\n\t\t\t\t<div class=\"elementor-element elementor-element-a592a08 thegem-e-con-layout-elementor e-flex e-con-boxed e-con e-parent\" data-id=\"a592a08\" data-element_type=\"container\" data-e-type=\"container\" data-settings=\"{&quot;thegem_container_layout&quot;:&quot;elementor&quot;}\">\r\n\t\t\t\t\t<div class=\"e-con-inner\">\r\n\t\t\t\t<div class=\"elementor-element elementor-element-40d8c45 flex-horizontal-align-default flex-horizontal-align-tablet-default flex-horizontal-align-mobile-default flex-vertical-align-default flex-vertical-align-tablet-default flex-vertical-align-mobile-default elementor-widget elementor-widget-text-editor\" data-id=\"40d8c45\" data-element_type=\"widget\" data-e-type=\"widget\" data-widget_type=\"text-editor.default\">\n\t\t\t\t<div class=\"elementor-widget-container\">\n\t\t\t\t\t\t\t\t\t\t\t\t<div class=\"elementor-text-editor elementor-clearfix\">\r\n\t\t\t\t\t\t<h5>1. Datos de la empresa<\/h5><p>En cumplimiento del art\u00edculo 10 de la Ley 34\/2002, de 11 de julio, de Servicios de la Sociedad de la Informaci\u00f3n y Comercio Electr\u00f3nico, a continuaci\u00f3n se exponen los datos identificativos de la empresa.<\/p><p>Nombre:nombre de la empresa.<\/p><p>Denominaci\u00f3n Social:denominaci\u00f3n social de la empresa.<\/p><p>Nif \/ Cif:n\u00famero de Nif\/Cif de la empresa.<\/p><p>Domicilio Social:direcci\u00f3n social de la empresa.<\/p><p>Tel\u00e9fono:tel\u00e9fono de contacto de la empresa.<\/p><p>Direcci\u00f3n de correo electr\u00f3nico:direcci\u00f3n de correo electr\u00f3nico de la empresa.<\/p>\t\t\t\t\t\t\t<\/div>\r\n\t\t\t\t\t\t\t\t\t\t<\/div>\n\t\t\t\t<\/div>\n\t\t\t\t\t<\/div>\n\t\t\t\t<\/div>\n\t\t\t\t<\/div>","protected":false},"excerpt":{"rendered":"<p>1. Datos de la empresa En cumplimiento del art\u00edculo 10 de la Ley 34\/2002, de 11 de julio, de Servicios&#8230;<\/p>","protected":false},"author":1,"featured_media":0,"parent":0,"menu_order":0,"comment_status":"closed","ping_status":"closed","template":"page-fullwidth.php","meta":{"footnotes":""},"class_list":["post-25952","page","type-page","status-publish"],"yoast_head":"<!-- This site is optimized with the Yoast SEO plugin v26.9 - https:\/\/yoast.com\/product\/yoast-seo-wordpress\/ -->\n<title>Politica de cookies - AB INFOR OFFICE SL<\/title>\n<meta name=\"robots\" content=\"index, follow, max-snippet:-1, max-image-preview:large, max-video-preview:-1\" \/>\n<link rel=\"canonical\" href=\"https:\/\/abinfor.com\/en\/politica-de-cookies\/\" \/>\n<meta property=\"og:locale\" content=\"en_GB\" \/>\n<meta property=\"og:type\" content=\"article\" \/>\n<meta property=\"og:title\" content=\"Politica de cookies - AB INFOR OFFICE SL\" \/>\n<meta property=\"og:description\" content=\"1. Datos de la empresa En cumplimiento del art\u00edculo 10 de la Ley 34\/2002, de 11 de julio, de Servicios...\" \/>\n<meta property=\"og:url\" content=\"https:\/\/abinfor.com\/en\/politica-de-cookies\/\" \/>\n<meta property=\"og:site_name\" content=\"AB INFOR OFFICE SL\" \/>\n<meta property=\"article:modified_time\" content=\"2024-01-30T11:33:00+00:00\" \/>\n<meta name=\"twitter:card\" content=\"summary_large_image\" \/>\n<meta name=\"twitter:label1\" content=\"Estimated reading time\" \/>\n\t<meta name=\"twitter:data1\" content=\"1 minute\" \/>\n<script type=\"application\/ld+json\" class=\"yoast-schema-graph\">{\"@context\":\"https:\/\/schema.org\",\"@graph\":[{\"@type\":\"WebPage\",\"@id\":\"https:\/\/abinfor.com\/politica-de-cookies\/\",\"url\":\"https:\/\/abinfor.com\/politica-de-cookies\/\",\"name\":\"Politica de cookies - AB INFOR OFFICE SL\",\"isPartOf\":{\"@id\":\"https:\/\/abinfor.com\/#website\"},\"datePublished\":\"2024-01-30T11:29:12+00:00\",\"dateModified\":\"2024-01-30T11:33:00+00:00\",\"breadcrumb\":{\"@id\":\"https:\/\/abinfor.com\/politica-de-cookies\/#breadcrumb\"},\"inLanguage\":\"en-GB\",\"potentialAction\":[{\"@type\":\"ReadAction\",\"target\":[\"https:\/\/abinfor.com\/politica-de-cookies\/\"]}]},{\"@type\":\"BreadcrumbList\",\"@id\":\"https:\/\/abinfor.com\/politica-de-cookies\/#breadcrumb\",\"itemListElement\":[{\"@type\":\"ListItem\",\"position\":1,\"name\":\"Portada\",\"item\":\"https:\/\/abinfor.com\/\"},{\"@type\":\"ListItem\",\"position\":2,\"name\":\"Politica de cookies\"}]},{\"@type\":\"WebSite\",\"@id\":\"https:\/\/abinfor.com\/#website\",\"url\":\"https:\/\/abinfor.com\/\",\"name\":\"AB INFOR OFFICE SL\",\"description\":\"\",\"potentialAction\":[{\"@type\":\"SearchAction\",\"target\":{\"@type\":\"EntryPoint\",\"urlTemplate\":\"https:\/\/abinfor.com\/?s={search_term_string}\"},\"query-input\":{\"@type\":\"PropertyValueSpecification\",\"valueRequired\":true,\"valueName\":\"search_term_string\"}}],\"inLanguage\":\"en-GB\"}]}<\/script>\n<!-- \/ Yoast SEO plugin. -->","yoast_head_json":{"title":"Politica de cookies - AB INFOR OFFICE SL","robots":{"index":"index","follow":"follow","max-snippet":"max-snippet:-1","max-image-preview":"max-image-preview:large","max-video-preview":"max-video-preview:-1"},"canonical":"https:\/\/abinfor.com\/en\/politica-de-cookies\/","og_locale":"en_GB","og_type":"article","og_title":"Politica de cookies - AB INFOR OFFICE SL","og_description":"1. Datos de la empresa En cumplimiento del art\u00edculo 10 de la Ley 34\/2002, de 11 de julio, de Servicios...","og_url":"https:\/\/abinfor.com\/en\/politica-de-cookies\/","og_site_name":"AB INFOR OFFICE SL","article_modified_time":"2024-01-30T11:33:00+00:00","twitter_card":"summary_large_image","twitter_misc":{"Estimated reading time":"1 minute"},"schema":{"@context":"https:\/\/schema.org","@graph":[{"@type":"WebPage","@id":"https:\/\/abinfor.com\/politica-de-cookies\/","url":"https:\/\/abinfor.com\/politica-de-cookies\/","name":"Politica de cookies - AB INFOR OFFICE SL","isPartOf":{"@id":"https:\/\/abinfor.com\/#website"},"datePublished":"2024-01-30T11:29:12+00:00","dateModified":"2024-01-30T11:33:00+00:00","breadcrumb":{"@id":"https:\/\/abinfor.com\/politica-de-cookies\/#breadcrumb"},"inLanguage":"en-GB","potentialAction":[{"@type":"ReadAction","target":["https:\/\/abinfor.com\/politica-de-cookies\/"]}]},{"@type":"BreadcrumbList","@id":"https:\/\/abinfor.com\/politica-de-cookies\/#breadcrumb","itemListElement":[{"@type":"ListItem","position":1,"name":"Portada","item":"https:\/\/abinfor.com\/"},{"@type":"ListItem","position":2,"name":"Politica de cookies"}]},{"@type":"WebSite","@id":"https:\/\/abinfor.com\/#website","url":"https:\/\/abinfor.com\/","name":"AB INFOR OFFICE SL","description":"","potentialAction":[{"@type":"SearchAction","target":{"@type":"EntryPoint","urlTemplate":"https:\/\/abinfor.com\/?s={search_term_string}"},"query-input":{"@type":"PropertyValueSpecification","valueRequired":true,"valueName":"search_term_string"}}],"inLanguage":"en-GB"}]}},"_links":{"self":[{"href":"https:\/\/abinfor.com\/en\/wp-json\/wp\/v2\/pages\/25952","targetHints":{"allow":["GET"]}}],"collection":[{"href":"https:\/\/abinfor.com\/en\/wp-json\/wp\/v2\/pages"}],"about":[{"href":"https:\/\/abinfor.com\/en\/wp-json\/wp\/v2\/types\/page"}],"author":[{"embeddable":true,"href":"https:\/\/abinfor.com\/en\/wp-json\/wp\/v2\/users\/1"}],"replies":[{"embeddable":true,"href":"https:\/\/abinfor.com\/en\/wp-json\/wp\/v2\/comments?post=25952"}],"version-history":[{"count":4,"href":"https:\/\/abinfor.com\/en\/wp-json\/wp\/v2\/pages\/25952\/revisions"}],"predecessor-version":[{"id":25957,"href":"https:\/\/abinfor.com\/en\/wp-json\/wp\/v2\/pages\/25952\/revisions\/25957"}],"wp:attachment":[{"href":"https:\/\/abinfor.com\/en\/wp-json\/wp\/v2\/media?parent=25952"}],"curies":[{"name":"wp","href":"https:\/\/api.w.org\/{rel}","templated":true}]}}