{"id":25954,"date":"2024-01-30T12:36:10","date_gmt":"2024-01-30T11:36:10","guid":{"rendered":"https:\/\/test.abinfor.com\/?page_id=25954"},"modified":"2024-01-30T12:46:27","modified_gmt":"2024-01-30T11:46:27","slug":"accesibilidad","status":"publish","type":"page","link":"https:\/\/abinfor.com\/en\/accesibilidad\/","title":{"rendered":"Accesibilidad"},"content":{"rendered":"<div data-elementor-type=\"wp-page\" data-elementor-id=\"25954\" class=\"elementor elementor-25954\">\n\t\t\t\t<div class=\"elementor-element elementor-element-93bd3b9 thegem-e-con-layout-elementor e-flex e-con-boxed e-con e-parent\" data-id=\"93bd3b9\" data-element_type=\"container\" data-e-type=\"container\" data-settings=\"{&quot;thegem_container_layout&quot;:&quot;elementor&quot;}\">\r\n\t\t\t\t\t<div class=\"e-con-inner\">\r\n\t\t<div class=\"elementor-element elementor-element-5c4057e thegem-e-con-layout-elementor e-flex e-con-boxed e-con e-child\" data-id=\"5c4057e\" data-element_type=\"container\" data-e-type=\"container\" data-settings=\"{&quot;thegem_container_layout&quot;:&quot;elementor&quot;}\">\r\n\t\t\t\t\t<div class=\"e-con-inner\">\r\n\t\t\t\t<div class=\"elementor-element elementor-element-89b2819 flex-horizontal-align-default flex-horizontal-align-tablet-default flex-horizontal-align-mobile-default flex-vertical-align-default flex-vertical-align-tablet-default flex-vertical-align-mobile-default elementor-widget elementor-widget-heading\" data-id=\"89b2819\" data-element_type=\"widget\" data-e-type=\"widget\" data-widget_type=\"heading.default\">\n\t\t\t\t<div class=\"elementor-widget-container\">\n\t\t\t\t\t<h4 class=\"elementor-heading-title elementor-size-default\">Declaraci\u00f3n de accesibilidad<\/h4>\t\t\t\t<\/div>\n\t\t\t\t<\/div>\n\t\t\t\t<div class=\"elementor-element elementor-element-6c77eaa flex-horizontal-align-default flex-horizontal-align-tablet-default flex-horizontal-align-mobile-default flex-vertical-align-default flex-vertical-align-tablet-default flex-vertical-align-mobile-default elementor-widget elementor-widget-text-editor\" data-id=\"6c77eaa\" data-element_type=\"widget\" data-e-type=\"widget\" data-widget_type=\"text-editor.default\">\n\t\t\t\t<div class=\"elementor-widget-container\">\n\t\t\t\t\t\t\t\t\t\t\t\t<div class=\"elementor-text-editor elementor-clearfix\">\r\n\t\t\t\t\t\t<p><strong>ab infor office S.L.<\/strong> se ha comprometido a hacer accesibles sus sitios web de conformidad con el <a href=\"https:\/\/www.boe.es\/buscar\/act.php?id=BOE-A-2018-12699\">Real Decreto 1112\/2018, de 7 de septiembre<\/a>, sobre accesibilidad de los sitios web y aplicaciones para dispositivos m\u00f3viles del sector p\u00fablico (en adelante, Real Decreto 1112\/2018, de 7 de septiembre).<\/p><p>La presente declaraci\u00f3n de accesibilidad se aplica al sitio web <a href=\"https:\/\/abinfor.com\/en\/\">https:\/\/abinfor.com\/<\/a><\/p><h5>Situaci\u00f3n de cumplimiento<\/h5><p>Este sitio web est\u00e1 parcialmente<strong> conforme<\/strong> con el Real Decreto 1112\/2018, de 7 de septiembre, debido a la falta de conformidad de los aspectos que se indican a continuaci\u00f3n.<\/p><h5>Contenido no accesible<\/h5><p>El contenido que se recoge a continuaci\u00f3n no es accesible por lo siguiente:<\/p><ol><li><strong>Falta de conformidad con el Real Decreto 1112\/2018, de 7 de septiembre:<\/strong> podr\u00edan existir fallos puntuales de edici\u00f3n en alguna p\u00e1gina web, tanto en contenidos HTML como en documentos finales, publicados en fecha posterior al 20 de septiembre de 2018 (fecha de entrada en vigor del Real Decreto 1112\/2018, de 7 de septiembre). Concretamente puede haber errores en aquellos documentos que contienen gr\u00e1ficos, tablas complejas o en aquellos firmados electr\u00f3nicamente antes de su revisi\u00f3n de accesibilidad.<\/li><li><strong>Carga desproporcionada:<\/strong> no aplica.<\/li><li>El contenido<strong> no entra dentro del \u00e1mbito de la legislaci\u00f3n aplicable<\/strong>: Existen archivos ofim\u00e1ticos en PDF u otros formatos publicados antes del 20 de septiembre de 2018 que no cumplen en su totalidad todos los requisitos de accesibilidad; tambi\u00e9n pueden estar en esa situaci\u00f3n contenidos de terceros no financiados, ni desarrollados, ni bajo el control de este Ministerio.<\/li><\/ol><h5>Preparaci\u00f3n de la presente declaraci\u00f3n de accesibilidad<\/h5><p>La presente declaraci\u00f3n fue preparada el 29 de diciembre de 2022.<\/p><p>El m\u00e9todo empleado para preparar la declaraci\u00f3n ha sido una autoevaluaci\u00f3n llevada a cabo por nuestra empresa.<\/p><h5>Observaciones y datos de contacto<\/h5><p>Puede realizar comunicaciones sobre requisitos de accesibilidad (art\u00edculo 10.2.a) del Real Decreto 1112\/2018, de 7 de septiembre) como, por ejemplo:<\/p><ul><li>Informar sobre cualquier posible incumplimiento por parte de este sitio web.<\/li><li>Transmitir otras dificultades de acceso al contenido.<\/li><li>Formular cualquier otra consulta o sugerencia de mejora relativa a la accesibilidad del sitio web.<\/li><\/ul><p>A trav\u00e9s de las siguientes v\u00edas:<\/p><ul><li>Correo electr\u00f3nico:<\/li><li>Tel\u00e9fonos:<\/li><\/ul><p>Las comunicaciones ser\u00e1n recibidas y tratadas por el departamento de atenci\u00f3n al cliente de <strong>ab infor office S.L.<\/strong>, como unidad responsable de los contenidos de este sitio web.<\/p><p>Tambi\u00e9n puede solicitar en formato accesible informaci\u00f3n que no cumpla con los requisitos de accesibilidad bien por estar excluida, bien por estar exenta por carga desproporcionada; o formular una queja por incumplimiento de los requisitos de accesibilidad.<a href=\"https:\/\/abinfor.com\/en\/contacto\/\"> Enlace al formulario de contacto<\/a> del art\u00edculo 12 del Real Decreto 1112\/2018, de 7 de septiembre.<\/p><h5>Procedimiento de aplicaci\u00f3n<\/h5><p>A trav\u00e9s de nuestro formulario de contacto podr\u00e1 iniciar una reclamaci\u00f3n para conocer y oponerse a los motivos de la desestimaci\u00f3n de una solicitud de informaci\u00f3n accesible o queja, instar la adopci\u00f3n de las medidas oportunas en el caso de no estar de acuerdo con la decisi\u00f3n adoptada, o exponer las razones por las que se considera que la respuesta no cumple con los requisitos exigidos.<\/p><h5>Contenido opcional<\/h5><p>La versi\u00f3n actualmente visible de este sitio web es de enero de 2023 y en esa fecha se hizo la revisi\u00f3n del nivel de accesibilidad vigente en aquel momento.<\/p><p>A partir de dicha fecha se llevar\u00e1n a cabo revisiones parciales cada a\u00f1o del contenido web nuevo o modificado, tanto de las plantillas como de las p\u00e1ginas y documentos finales publicados, a fin de asegurar el cumplimiento de los requerimientos de accesibilidad de la Norma UNE-EN 301549:2019, considerando las excepciones del Real Decreto 1112\/2018, de 7 de septiembre.<\/p><p>Entre otras se adoptan las siguientes medidas para facilitar la accesibilidad:<\/p><ul><li>Utilizaci\u00f3n de texto alternativo en las im\u00e1genes<\/li><li>Los enlaces ofrecen detalles de la funci\u00f3n o destino del hiperv\u00ednculo<\/li><li>Uso de los est\u00e1ndares del W3C: XHTML 1.0, CSS 3.0, WAI AA.<\/li><\/ul><p>Puede consultar en la p\u00e1gina de <a href=\"https:\/\/abinfor.com\/en\/aviso-legal\/\"><strong>Aviso Legal<\/strong><\/a> para qu\u00e9 navegadores y versiones est\u00e1 optimizado este sitio web.<\/p><p><strong>\u00a0<\/strong><\/p>\t\t\t\t\t\t\t<\/div>\r\n\t\t\t\t\t\t\t\t\t\t<\/div>\n\t\t\t\t<\/div>\n\t\t\t\t\t<\/div>\n\t\t\t\t<\/div>\n\t\t\t\t\t<\/div>\n\t\t\t\t<\/div>\n\t\t\t\t<\/div>","protected":false},"excerpt":{"rendered":"<p>Declaraci\u00f3n de accesibilidad ab infor office S.L. se ha comprometido a hacer accesibles sus sitios web de conformidad con el&#8230;<\/p>","protected":false},"author":1,"featured_media":0,"parent":0,"menu_order":0,"comment_status":"closed","ping_status":"closed","template":"page-fullwidth.php","meta":{"footnotes":""},"class_list":["post-25954","page","type-page","status-publish"],"yoast_head":"<!-- This site is optimized with the Yoast SEO plugin v26.9 - https:\/\/yoast.com\/product\/yoast-seo-wordpress\/ -->\n<title>Accesibilidad - AB INFOR OFFICE SL<\/title>\n<meta name=\"robots\" content=\"index, follow, max-snippet:-1, max-image-preview:large, max-video-preview:-1\" \/>\n<link rel=\"canonical\" href=\"https:\/\/abinfor.com\/en\/accesibilidad\/\" \/>\n<meta property=\"og:locale\" content=\"en_GB\" \/>\n<meta property=\"og:type\" content=\"article\" \/>\n<meta property=\"og:title\" content=\"Accesibilidad - AB INFOR OFFICE SL\" \/>\n<meta property=\"og:description\" content=\"Declaraci\u00f3n de accesibilidad ab infor office S.L. se ha comprometido a hacer accesibles sus sitios web de conformidad con el...\" \/>\n<meta property=\"og:url\" content=\"https:\/\/abinfor.com\/en\/accesibilidad\/\" \/>\n<meta property=\"og:site_name\" content=\"AB INFOR OFFICE SL\" \/>\n<meta property=\"article:modified_time\" content=\"2024-01-30T11:46:27+00:00\" \/>\n<meta name=\"twitter:card\" content=\"summary_large_image\" \/>\n<meta name=\"twitter:label1\" content=\"Estimated reading time\" \/>\n\t<meta name=\"twitter:data1\" content=\"3 minutes\" \/>\n<script type=\"application\/ld+json\" class=\"yoast-schema-graph\">{\"@context\":\"https:\/\/schema.org\",\"@graph\":[{\"@type\":\"WebPage\",\"@id\":\"https:\/\/abinfor.com\/accesibilidad\/\",\"url\":\"https:\/\/abinfor.com\/accesibilidad\/\",\"name\":\"Accesibilidad - AB INFOR OFFICE SL\",\"isPartOf\":{\"@id\":\"https:\/\/abinfor.com\/#website\"},\"datePublished\":\"2024-01-30T11:36:10+00:00\",\"dateModified\":\"2024-01-30T11:46:27+00:00\",\"breadcrumb\":{\"@id\":\"https:\/\/abinfor.com\/accesibilidad\/#breadcrumb\"},\"inLanguage\":\"en-GB\",\"potentialAction\":[{\"@type\":\"ReadAction\",\"target\":[\"https:\/\/abinfor.com\/accesibilidad\/\"]}]},{\"@type\":\"BreadcrumbList\",\"@id\":\"https:\/\/abinfor.com\/accesibilidad\/#breadcrumb\",\"itemListElement\":[{\"@type\":\"ListItem\",\"position\":1,\"name\":\"Portada\",\"item\":\"https:\/\/abinfor.com\/\"},{\"@type\":\"ListItem\",\"position\":2,\"name\":\"Accesibilidad\"}]},{\"@type\":\"WebSite\",\"@id\":\"https:\/\/abinfor.com\/#website\",\"url\":\"https:\/\/abinfor.com\/\",\"name\":\"AB INFOR OFFICE SL\",\"description\":\"\",\"potentialAction\":[{\"@type\":\"SearchAction\",\"target\":{\"@type\":\"EntryPoint\",\"urlTemplate\":\"https:\/\/abinfor.com\/?s={search_term_string}\"},\"query-input\":{\"@type\":\"PropertyValueSpecification\",\"valueRequired\":true,\"valueName\":\"search_term_string\"}}],\"inLanguage\":\"en-GB\"}]}<\/script>\n<!-- \/ Yoast SEO plugin. -->","yoast_head_json":{"title":"Accesibilidad - AB INFOR OFFICE SL","robots":{"index":"index","follow":"follow","max-snippet":"max-snippet:-1","max-image-preview":"max-image-preview:large","max-video-preview":"max-video-preview:-1"},"canonical":"https:\/\/abinfor.com\/en\/accesibilidad\/","og_locale":"en_GB","og_type":"article","og_title":"Accesibilidad - AB INFOR OFFICE SL","og_description":"Declaraci\u00f3n de accesibilidad ab infor office S.L. se ha comprometido a hacer accesibles sus sitios web de conformidad con el...","og_url":"https:\/\/abinfor.com\/en\/accesibilidad\/","og_site_name":"AB INFOR OFFICE SL","article_modified_time":"2024-01-30T11:46:27+00:00","twitter_card":"summary_large_image","twitter_misc":{"Estimated reading time":"3 minutes"},"schema":{"@context":"https:\/\/schema.org","@graph":[{"@type":"WebPage","@id":"https:\/\/abinfor.com\/accesibilidad\/","url":"https:\/\/abinfor.com\/accesibilidad\/","name":"Accesibilidad - AB INFOR OFFICE SL","isPartOf":{"@id":"https:\/\/abinfor.com\/#website"},"datePublished":"2024-01-30T11:36:10+00:00","dateModified":"2024-01-30T11:46:27+00:00","breadcrumb":{"@id":"https:\/\/abinfor.com\/accesibilidad\/#breadcrumb"},"inLanguage":"en-GB","potentialAction":[{"@type":"ReadAction","target":["https:\/\/abinfor.com\/accesibilidad\/"]}]},{"@type":"BreadcrumbList","@id":"https:\/\/abinfor.com\/accesibilidad\/#breadcrumb","itemListElement":[{"@type":"ListItem","position":1,"name":"Portada","item":"https:\/\/abinfor.com\/"},{"@type":"ListItem","position":2,"name":"Accesibilidad"}]},{"@type":"WebSite","@id":"https:\/\/abinfor.com\/#website","url":"https:\/\/abinfor.com\/","name":"AB INFOR OFFICE SL","description":"","potentialAction":[{"@type":"SearchAction","target":{"@type":"EntryPoint","urlTemplate":"https:\/\/abinfor.com\/?s={search_term_string}"},"query-input":{"@type":"PropertyValueSpecification","valueRequired":true,"valueName":"search_term_string"}}],"inLanguage":"en-GB"}]}},"_links":{"self":[{"href":"https:\/\/abinfor.com\/en\/wp-json\/wp\/v2\/pages\/25954","targetHints":{"allow":["GET"]}}],"collection":[{"href":"https:\/\/abinfor.com\/en\/wp-json\/wp\/v2\/pages"}],"about":[{"href":"https:\/\/abinfor.com\/en\/wp-json\/wp\/v2\/types\/page"}],"author":[{"embeddable":true,"href":"https:\/\/abinfor.com\/en\/wp-json\/wp\/v2\/users\/1"}],"replies":[{"embeddable":true,"href":"https:\/\/abinfor.com\/en\/wp-json\/wp\/v2\/comments?post=25954"}],"version-history":[{"count":4,"href":"https:\/\/abinfor.com\/en\/wp-json\/wp\/v2\/pages\/25954\/revisions"}],"predecessor-version":[{"id":25973,"href":"https:\/\/abinfor.com\/en\/wp-json\/wp\/v2\/pages\/25954\/revisions\/25973"}],"wp:attachment":[{"href":"https:\/\/abinfor.com\/en\/wp-json\/wp\/v2\/media?parent=25954"}],"curies":[{"name":"wp","href":"https:\/\/api.w.org\/{rel}","templated":true}]}}