{"id":25965,"date":"2024-01-30T12:37:08","date_gmt":"2024-01-30T11:37:08","guid":{"rendered":"https:\/\/test.abinfor.com\/?page_id=25965"},"modified":"2024-01-30T12:40:22","modified_gmt":"2024-01-30T11:40:22","slug":"mapa-web","status":"publish","type":"page","link":"https:\/\/abinfor.com\/en\/mapa-web\/","title":{"rendered":"Mapa web"},"content":{"rendered":"<div data-elementor-type=\"wp-page\" data-elementor-id=\"25965\" class=\"elementor elementor-25965\">\n\t\t\t\t<div class=\"elementor-element elementor-element-a1ad4e0 thegem-e-con-layout-elementor e-flex e-con-boxed e-con e-parent\" data-id=\"a1ad4e0\" data-element_type=\"container\" data-e-type=\"container\" data-settings=\"{&quot;thegem_container_layout&quot;:&quot;elementor&quot;}\">\r\n\t\t\t\t\t<div class=\"e-con-inner\">\r\n\t\t\t\t<div class=\"elementor-element elementor-element-02e418d flex-horizontal-align-default flex-horizontal-align-tablet-default flex-horizontal-align-mobile-default flex-vertical-align-default flex-vertical-align-tablet-default flex-vertical-align-mobile-default elementor-widget elementor-widget-thegem-custom-menu\" data-id=\"02e418d\" data-element_type=\"widget\" data-e-type=\"widget\" data-widget_type=\"thegem-custom-menu.default\">\n\t\t\t\t<div class=\"elementor-widget-container\">\n\t\t\t\t\t\n\t\t<div id=\"menu-02e418d\" class=\"thegem-menu-custom thegem-menu-custom--vertical thegem-menu-custom--left style-hover-lined style-hover-animation-fade style-hover-type-line-underline-1 style-active-lined style-active-type-line-underline-1\">\n\t\t\t<div class=\"menu-custom-header  main-menu-item\"><span>Navegaci\u00f3n<\/span><div class=\"separator\"><span><\/span><\/div><\/div><div role=\"navigation\" aria-label=\"menu-02e418d\"><ul id=\"menu-main-menu\" class=\"nav-menu-custom\"><li id=\"menu-item-25615\" class=\"menu-item menu-item-type-post_type menu-item-object-page menu-item-home menu-item-25615 submenu-item default inherit-colors\"><a href=\"https:\/\/abinfor.com\/en\/\"><span class=\"text\">Inicio<i class=\"indicator\"><\/i><\/span><\/a><\/li>\n<li id=\"menu-item-25866\" class=\"menu-item menu-item-type-post_type menu-item-object-page menu-item-25866 submenu-item default inherit-colors\"><a href=\"https:\/\/abinfor.com\/en\/conocenos\/\"><span class=\"text\">Con\u00f3cenos<i class=\"indicator\"><\/i><\/span><\/a><\/li>\n<li id=\"menu-item-25787\" class=\"menu-item menu-item-type-post_type menu-item-object-page menu-item-parent menu-item-25787 submenu-item default inherit-colors\"><a href=\"https:\/\/abinfor.com\/en\/servicios\/\"><span class=\"text\">Services<i class=\"indicator\"><\/i><\/span><\/a><\/li>\n<li id=\"menu-item-25617\" class=\"menu-item menu-item-type-post_type menu-item-object-page menu-item-25617 submenu-item default inherit-colors\"><a href=\"https:\/\/abinfor.com\/en\/partner\/\"><span class=\"text\">Partner<i class=\"indicator\"><\/i><\/span><\/a><\/li>\n<li id=\"menu-item-25867\" class=\"menu-item menu-item-type-post_type menu-item-object-page menu-item-25867 submenu-item default inherit-colors\"><a href=\"https:\/\/abinfor.com\/en\/blog\/\"><span class=\"text\">Blog<i class=\"indicator\"><\/i><\/span><\/a><\/li>\n<li id=\"menu-item-25618\" class=\"menu-item menu-item-type-post_type menu-item-object-page menu-item-25618 submenu-item default inherit-colors\"><a href=\"https:\/\/abinfor.com\/en\/contacto\/\"><span class=\"text\">Contacto<i class=\"indicator\"><\/i><\/span><\/a><\/li>\n<li id=\"menu-item-26268\" class=\"trp-language-switcher-container menu-item menu-item-type-post_type menu-item-object-language_switcher current-language-menu-item menu-item-26268 submenu-item default inherit-colors\"><a href=\"https:\/\/abinfor.com\/en\/wp-json\/wp\/v2\/pages\/25965\"><span class=\"text\"><span data-no-translation><img class=\"trp-flag-image\" src=\"https:\/\/abinfor.com\/wp-content\/plugins\/translatepress-multilingual\/assets\/images\/flags\/en_GB.png\" width=\"18\" height=\"12\" alt=\"en_GB\" title=\"English (UK)\"><span class=\"trp-ls-language-name\">EN<\/span><\/span><i class=\"indicator\"><\/i><\/span><\/a><\/li>\n<li id=\"menu-item-26267\" class=\"trp-language-switcher-container menu-item menu-item-type-post_type menu-item-object-language_switcher current-language-menu-item menu-item-26267 submenu-item default inherit-colors\"><a href=\"https:\/\/abinfor.com\/en\/wp-json\/wp\/v2\/pages\/25965\"><span class=\"text\"><span data-no-translation><img class=\"trp-flag-image\" src=\"https:\/\/abinfor.com\/wp-content\/plugins\/translatepress-multilingual\/assets\/images\/flags\/es_ES.png\" width=\"18\" height=\"12\" alt=\"es_ES\" title=\"Espa\u00f1ol\"><span class=\"trp-ls-language-name\">ES<\/span><\/span><i class=\"indicator\"><\/i><\/span><\/a><\/li>\n<\/ul><\/div>\t\t<\/div>\n\n\t\t\t\t\t\t<\/div>\n\t\t\t\t<\/div>\n\t\t\t\t<div class=\"elementor-element elementor-element-0b71e27 flex-horizontal-align-default flex-horizontal-align-tablet-default flex-horizontal-align-mobile-default flex-vertical-align-default flex-vertical-align-tablet-default flex-vertical-align-mobile-default elementor-widget elementor-widget-thegem-custom-menu\" data-id=\"0b71e27\" data-element_type=\"widget\" data-e-type=\"widget\" data-widget_type=\"thegem-custom-menu.default\">\n\t\t\t\t<div class=\"elementor-widget-container\">\n\t\t\t\t\t\n\t\t<div id=\"menu-0b71e27\" class=\"thegem-menu-custom thegem-menu-custom--vertical thegem-menu-custom--left style-hover-lined style-hover-animation-fade style-hover-type-line-underline-1 style-active-lined style-active-type-line-underline-1\">\n\t\t\t<div class=\"menu-custom-header  main-menu-item\"><span>Informaci\u00f3n legal<\/span><div class=\"separator\"><span><\/span><\/div><\/div>\t\t<\/div>\n\n\t\t\t\t\t\t<\/div>\n\t\t\t\t<\/div>\n\t\t\t\t\t<\/div>\n\t\t\t\t<\/div>\n\t\t\t\t<\/div>","protected":false},"excerpt":{"rendered":"<p>Navegaci\u00f3n Inicio Con\u00f3cenos Servicios Partner Blog Contacto Informaci\u00f3n legal Audit &#038; Evaluation<\/p>","protected":false},"author":1,"featured_media":0,"parent":0,"menu_order":0,"comment_status":"closed","ping_status":"closed","template":"page-fullwidth.php","meta":{"footnotes":""},"class_list":["post-25965","page","type-page","status-publish"],"yoast_head":"<!-- This site is optimized with the Yoast SEO plugin v26.9 - https:\/\/yoast.com\/product\/yoast-seo-wordpress\/ -->\n<title>Mapa web - AB INFOR OFFICE SL<\/title>\n<meta name=\"robots\" content=\"index, follow, max-snippet:-1, max-image-preview:large, max-video-preview:-1\" \/>\n<link rel=\"canonical\" href=\"https:\/\/abinfor.com\/en\/mapa-web\/\" \/>\n<meta property=\"og:locale\" content=\"en_GB\" \/>\n<meta property=\"og:type\" content=\"article\" \/>\n<meta property=\"og:title\" content=\"Mapa web - AB INFOR OFFICE SL\" \/>\n<meta property=\"og:description\" content=\"Navegaci\u00f3n Inicio Con\u00f3cenos Servicios Partner Blog Contacto Informaci\u00f3n legal Audit &#038; Evaluation\" \/>\n<meta property=\"og:url\" content=\"https:\/\/abinfor.com\/en\/mapa-web\/\" \/>\n<meta property=\"og:site_name\" content=\"AB INFOR OFFICE SL\" \/>\n<meta property=\"article:modified_time\" content=\"2024-01-30T11:40:22+00:00\" \/>\n<meta name=\"twitter:card\" content=\"summary_large_image\" \/>\n<meta name=\"twitter:label1\" content=\"Estimated reading time\" \/>\n\t<meta name=\"twitter:data1\" content=\"1 minute\" \/>\n<script type=\"application\/ld+json\" class=\"yoast-schema-graph\">{\"@context\":\"https:\/\/schema.org\",\"@graph\":[{\"@type\":\"WebPage\",\"@id\":\"https:\/\/abinfor.com\/mapa-web\/\",\"url\":\"https:\/\/abinfor.com\/mapa-web\/\",\"name\":\"Mapa web - AB INFOR OFFICE SL\",\"isPartOf\":{\"@id\":\"https:\/\/abinfor.com\/#website\"},\"datePublished\":\"2024-01-30T11:37:08+00:00\",\"dateModified\":\"2024-01-30T11:40:22+00:00\",\"breadcrumb\":{\"@id\":\"https:\/\/abinfor.com\/mapa-web\/#breadcrumb\"},\"inLanguage\":\"en-GB\",\"potentialAction\":[{\"@type\":\"ReadAction\",\"target\":[\"https:\/\/abinfor.com\/mapa-web\/\"]}]},{\"@type\":\"BreadcrumbList\",\"@id\":\"https:\/\/abinfor.com\/mapa-web\/#breadcrumb\",\"itemListElement\":[{\"@type\":\"ListItem\",\"position\":1,\"name\":\"Portada\",\"item\":\"https:\/\/abinfor.com\/\"},{\"@type\":\"ListItem\",\"position\":2,\"name\":\"Mapa web\"}]},{\"@type\":\"WebSite\",\"@id\":\"https:\/\/abinfor.com\/#website\",\"url\":\"https:\/\/abinfor.com\/\",\"name\":\"AB INFOR OFFICE SL\",\"description\":\"\",\"potentialAction\":[{\"@type\":\"SearchAction\",\"target\":{\"@type\":\"EntryPoint\",\"urlTemplate\":\"https:\/\/abinfor.com\/?s={search_term_string}\"},\"query-input\":{\"@type\":\"PropertyValueSpecification\",\"valueRequired\":true,\"valueName\":\"search_term_string\"}}],\"inLanguage\":\"en-GB\"}]}<\/script>\n<!-- \/ Yoast SEO plugin. -->","yoast_head_json":{"title":"Mapa web - AB INFOR OFFICE SL","robots":{"index":"index","follow":"follow","max-snippet":"max-snippet:-1","max-image-preview":"max-image-preview:large","max-video-preview":"max-video-preview:-1"},"canonical":"https:\/\/abinfor.com\/en\/mapa-web\/","og_locale":"en_GB","og_type":"article","og_title":"Mapa web - AB INFOR OFFICE SL","og_description":"Navegaci\u00f3n Inicio Con\u00f3cenos Servicios Partner Blog Contacto Informaci\u00f3n legal Audit &#038; Evaluation","og_url":"https:\/\/abinfor.com\/en\/mapa-web\/","og_site_name":"AB INFOR OFFICE SL","article_modified_time":"2024-01-30T11:40:22+00:00","twitter_card":"summary_large_image","twitter_misc":{"Estimated reading time":"1 minute"},"schema":{"@context":"https:\/\/schema.org","@graph":[{"@type":"WebPage","@id":"https:\/\/abinfor.com\/mapa-web\/","url":"https:\/\/abinfor.com\/mapa-web\/","name":"Mapa web - AB INFOR OFFICE SL","isPartOf":{"@id":"https:\/\/abinfor.com\/#website"},"datePublished":"2024-01-30T11:37:08+00:00","dateModified":"2024-01-30T11:40:22+00:00","breadcrumb":{"@id":"https:\/\/abinfor.com\/mapa-web\/#breadcrumb"},"inLanguage":"en-GB","potentialAction":[{"@type":"ReadAction","target":["https:\/\/abinfor.com\/mapa-web\/"]}]},{"@type":"BreadcrumbList","@id":"https:\/\/abinfor.com\/mapa-web\/#breadcrumb","itemListElement":[{"@type":"ListItem","position":1,"name":"Portada","item":"https:\/\/abinfor.com\/"},{"@type":"ListItem","position":2,"name":"Mapa web"}]},{"@type":"WebSite","@id":"https:\/\/abinfor.com\/#website","url":"https:\/\/abinfor.com\/","name":"AB INFOR OFFICE SL","description":"","potentialAction":[{"@type":"SearchAction","target":{"@type":"EntryPoint","urlTemplate":"https:\/\/abinfor.com\/?s={search_term_string}"},"query-input":{"@type":"PropertyValueSpecification","valueRequired":true,"valueName":"search_term_string"}}],"inLanguage":"en-GB"}]}},"_links":{"self":[{"href":"https:\/\/abinfor.com\/en\/wp-json\/wp\/v2\/pages\/25965","targetHints":{"allow":["GET"]}}],"collection":[{"href":"https:\/\/abinfor.com\/en\/wp-json\/wp\/v2\/pages"}],"about":[{"href":"https:\/\/abinfor.com\/en\/wp-json\/wp\/v2\/types\/page"}],"author":[{"embeddable":true,"href":"https:\/\/abinfor.com\/en\/wp-json\/wp\/v2\/users\/1"}],"replies":[{"embeddable":true,"href":"https:\/\/abinfor.com\/en\/wp-json\/wp\/v2\/comments?post=25965"}],"version-history":[{"count":4,"href":"https:\/\/abinfor.com\/en\/wp-json\/wp\/v2\/pages\/25965\/revisions"}],"predecessor-version":[{"id":25970,"href":"https:\/\/abinfor.com\/en\/wp-json\/wp\/v2\/pages\/25965\/revisions\/25970"}],"wp:attachment":[{"href":"https:\/\/abinfor.com\/en\/wp-json\/wp\/v2\/media?parent=25965"}],"curies":[{"name":"wp","href":"https:\/\/api.w.org\/{rel}","templated":true}]}}